{"id":97,"date":"2019-01-14T13:37:56","date_gmt":"2019-01-14T12:37:56","guid":{"rendered":"http:\/\/eurofresh.net\/politica-de-cookies\/"},"modified":"2021-07-02T11:54:59","modified_gmt":"2021-07-02T10:54:59","slug":"politique-de-cookies","status":"publish","type":"page","link":"https:\/\/eurofresh.net\/fr\/politique-de-cookies\/","title":{"rendered":"Politique de cookies"},"content":{"rendered":"<p>L&#8217;utilisateur du site Internet est inform\u00e9 qu&#8217;EUROFRESH utilise des dispositifs de stockage et de r\u00e9cup\u00e9ration de donn\u00e9es (\u00ab cookies \u00bb) pour la personnalisation de son exp\u00e9rience Internet, un meilleur support technique et l&#8217;optimisation du site Internet.<\/p>\n<p>Les cookies sont des petits fichiers texte qui sont t\u00e9l\u00e9charg\u00e9s sur l&#8217;appareil de l&#8217;utilisateur, lors de l&#8217;acc\u00e8s au site Web et qui permettent, entre autres, de stocker et de r\u00e9cup\u00e9rer des informations sur les habitudes de navigation de l&#8217;utilisateur sur le site Web. De cette mani\u00e8re, les cookies permettent \u00e0 l&#8217;utilisateur d&#8217;\u00eatre reconnu et de pouvoir lui offrir une navigation plus agile et personnalis\u00e9e, par exemple, en m\u00e9morisant la langue dans laquelle il pr\u00e9f\u00e8re visualiser le site.<\/p>\n<p>Le site EUROFRESH utilise les cookies suivants :<\/p>\n<p>_gat : Cookie pour mesurer les sessions Google Analytics.<\/p>\n<p>L&#8217;utilisateur peut d\u00e9sactiver l&#8217;utilisation de ces cookies dans son navigateur en le configurant \u00e0 cet effet. En cas de d\u00e9sactivation de l&#8217;utilisation des cookies, l&#8217;utilisateur est inform\u00e9 que certaines fonctionnalit\u00e9s du site peuvent ne pas \u00eatre disponibles et que sa navigation en est affect\u00e9e. Le processus pour d\u00e9sactiver l&#8217;utilisation des cookies est diff\u00e9rent selon le navigateur utilis\u00e9, pouvant trouver des informations sur les principaux navigateurs dans les liens suivants :<\/p>\n<ul>\n<li><em>Google Chrome<\/em>:\u00a0<a href=\"https:\/\/web.archive.org\/web\/20200807174809\/http:\/\/support.google.com\/chrome\/bin\/answer.py?hl=es&amp;answer=95647\">http:\/\/support.google.com\/chrome\/bin\/answer.py?hl=es&amp;answer=95647<\/a><\/li>\n<li><em>Internet Explorer<\/em>:\u00a0<a href=\"https:\/\/web.archive.org\/web\/20200807174809\/http:\/\/windows.microsoft.com\/es-es\/windows7\/how-to-manage-cookies-in-internet-explorer-9\">http:\/\/windows.microsoft.com\/es-es\/windows7\/how-to-manage-cookies-in-internet-explorer-9<\/a><\/li>\n<\/ul>\n<ul>\n<li><em>Mozilla Firefox<\/em>:\u00a0<a href=\"https:\/\/web.archive.org\/web\/20200807174809\/http:\/\/support.mozilla.org\/es\/kb\/habilitar-y-deshabilitar-cookies-que-los-sitios-we\">http:\/\/support.mozilla.org\/es\/kb\/habilitar-y-deshabilitar-cookies-que-los-sitios-we<\/a><\/li>\n<\/ul>\n","protected":false},"excerpt":{"rendered":"<p>L&#8217;utilisateur du site Internet est inform\u00e9 qu&#8217;EUROFRESH utilise des dispositifs de stockage et de r\u00e9cup\u00e9ration de donn\u00e9es (\u00ab cookies \u00bb)&#8230;  <a class=\"excerpt-read-more\" href=\"https:\/\/eurofresh.net\/fr\/politique-de-cookies\/\" title=\"Read Politique de cookies\"><i class=\"fa fa-angle-right\"><\/i><\/a><\/p>\n","protected":false},"author":8,"featured_media":0,"parent":0,"menu_order":0,"comment_status":"closed","ping_status":"closed","template":"","meta":{"_mo_disable_npp":"","footnotes":""},"class_list":["post-97","page","type-page","status-publish","hentry"],"yoast_head":"<!-- This site is optimized with the Yoast SEO plugin v26.4 - https:\/\/yoast.com\/wordpress\/plugins\/seo\/ -->\n<title>Politique de cookies - Eurofresh<\/title>\n<meta name=\"robots\" content=\"index, follow, max-snippet:-1, max-image-preview:large, max-video-preview:-1\" \/>\n<link rel=\"canonical\" href=\"https:\/\/eurofresh.net\/fr\/politique-de-cookies\/\" \/>\n<meta property=\"og:locale\" content=\"fr_FR\" \/>\n<meta property=\"og:type\" content=\"article\" \/>\n<meta property=\"og:title\" content=\"Politique de cookies - Eurofresh\" \/>\n<meta property=\"og:description\" content=\"L&#8217;utilisateur du site Internet est inform\u00e9 qu&#8217;EUROFRESH utilise des dispositifs de stockage et de r\u00e9cup\u00e9ration de donn\u00e9es (\u00ab cookies \u00bb)...\" \/>\n<meta property=\"og:url\" content=\"https:\/\/eurofresh.net\/fr\/politique-de-cookies\/\" \/>\n<meta property=\"og:site_name\" content=\"Eurofresh\" \/>\n<meta property=\"article:modified_time\" content=\"2021-07-02T10:54:59+00:00\" \/>\n<meta name=\"twitter:card\" content=\"summary_large_image\" \/>\n<meta name=\"twitter:label1\" content=\"Est. reading time\" \/>\n\t<meta name=\"twitter:data1\" content=\"1 minute\" \/>\n<script type=\"application\/ld+json\" class=\"yoast-schema-graph\">{\"@context\":\"https:\/\/schema.org\",\"@graph\":[{\"@type\":\"WebPage\",\"@id\":\"https:\/\/eurofresh.net\/fr\/politique-de-cookies\/\",\"url\":\"https:\/\/eurofresh.net\/fr\/politique-de-cookies\/\",\"name\":\"Politique de cookies - Eurofresh\",\"isPartOf\":{\"@id\":\"https:\/\/eurofresh.net\/#website\"},\"datePublished\":\"2019-01-14T12:37:56+00:00\",\"dateModified\":\"2021-07-02T10:54:59+00:00\",\"breadcrumb\":{\"@id\":\"https:\/\/eurofresh.net\/fr\/politique-de-cookies\/#breadcrumb\"},\"inLanguage\":\"fr-FR\",\"potentialAction\":[{\"@type\":\"ReadAction\",\"target\":[\"https:\/\/eurofresh.net\/fr\/politique-de-cookies\/\"]}]},{\"@type\":\"BreadcrumbList\",\"@id\":\"https:\/\/eurofresh.net\/fr\/politique-de-cookies\/#breadcrumb\",\"itemListElement\":[{\"@type\":\"ListItem\",\"position\":1,\"name\":\"Portada\",\"item\":\"https:\/\/eurofresh.net\/fr\/\"},{\"@type\":\"ListItem\",\"position\":2,\"name\":\"Politique de cookies\"}]},{\"@type\":\"WebSite\",\"@id\":\"https:\/\/eurofresh.net\/#website\",\"url\":\"https:\/\/eurofresh.net\/\",\"name\":\"Eurofresh\",\"description\":\"Eurofresh - Productores de Aguacate Organico 100%, Mango, Curcuma y Jengibre\",\"potentialAction\":[{\"@type\":\"SearchAction\",\"target\":{\"@type\":\"EntryPoint\",\"urlTemplate\":\"https:\/\/eurofresh.net\/?s={search_term_string}\"},\"query-input\":{\"@type\":\"PropertyValueSpecification\",\"valueRequired\":true,\"valueName\":\"search_term_string\"}}],\"inLanguage\":\"fr-FR\"}]}<\/script>\n<!-- \/ Yoast SEO plugin. -->","yoast_head_json":{"title":"Politique de cookies - Eurofresh","robots":{"index":"index","follow":"follow","max-snippet":"max-snippet:-1","max-image-preview":"max-image-preview:large","max-video-preview":"max-video-preview:-1"},"canonical":"https:\/\/eurofresh.net\/fr\/politique-de-cookies\/","og_locale":"fr_FR","og_type":"article","og_title":"Politique de cookies - Eurofresh","og_description":"L&#8217;utilisateur du site Internet est inform\u00e9 qu&#8217;EUROFRESH utilise des dispositifs de stockage et de r\u00e9cup\u00e9ration de donn\u00e9es (\u00ab cookies \u00bb)...","og_url":"https:\/\/eurofresh.net\/fr\/politique-de-cookies\/","og_site_name":"Eurofresh","article_modified_time":"2021-07-02T10:54:59+00:00","twitter_card":"summary_large_image","twitter_misc":{"Est. reading time":"1 minute"},"schema":{"@context":"https:\/\/schema.org","@graph":[{"@type":"WebPage","@id":"https:\/\/eurofresh.net\/fr\/politique-de-cookies\/","url":"https:\/\/eurofresh.net\/fr\/politique-de-cookies\/","name":"Politique de cookies - Eurofresh","isPartOf":{"@id":"https:\/\/eurofresh.net\/#website"},"datePublished":"2019-01-14T12:37:56+00:00","dateModified":"2021-07-02T10:54:59+00:00","breadcrumb":{"@id":"https:\/\/eurofresh.net\/fr\/politique-de-cookies\/#breadcrumb"},"inLanguage":"fr-FR","potentialAction":[{"@type":"ReadAction","target":["https:\/\/eurofresh.net\/fr\/politique-de-cookies\/"]}]},{"@type":"BreadcrumbList","@id":"https:\/\/eurofresh.net\/fr\/politique-de-cookies\/#breadcrumb","itemListElement":[{"@type":"ListItem","position":1,"name":"Portada","item":"https:\/\/eurofresh.net\/fr\/"},{"@type":"ListItem","position":2,"name":"Politique de cookies"}]},{"@type":"WebSite","@id":"https:\/\/eurofresh.net\/#website","url":"https:\/\/eurofresh.net\/","name":"Eurofresh","description":"Eurofresh - Productores de Aguacate Organico 100%, Mango, Curcuma y Jengibre","potentialAction":[{"@type":"SearchAction","target":{"@type":"EntryPoint","urlTemplate":"https:\/\/eurofresh.net\/?s={search_term_string}"},"query-input":{"@type":"PropertyValueSpecification","valueRequired":true,"valueName":"search_term_string"}}],"inLanguage":"fr-FR"}]}},"rttpg_featured_image_url":null,"rttpg_author":{"display_name":"Maldon","author_link":"https:\/\/eurofresh.net\/fr\/author\/maldon\/"},"rttpg_comment":0,"rttpg_category":false,"rttpg_excerpt":"L&#8217;utilisateur du site Internet est inform\u00e9 qu&#8217;EUROFRESH utilise des dispositifs de stockage et de r\u00e9cup\u00e9ration de donn\u00e9es (\u00ab cookies \u00bb)...","_links":{"self":[{"href":"https:\/\/eurofresh.net\/fr\/wp-json\/wp\/v2\/pages\/97","targetHints":{"allow":["GET"]}}],"collection":[{"href":"https:\/\/eurofresh.net\/fr\/wp-json\/wp\/v2\/pages"}],"about":[{"href":"https:\/\/eurofresh.net\/fr\/wp-json\/wp\/v2\/types\/page"}],"author":[{"embeddable":true,"href":"https:\/\/eurofresh.net\/fr\/wp-json\/wp\/v2\/users\/8"}],"replies":[{"embeddable":true,"href":"https:\/\/eurofresh.net\/fr\/wp-json\/wp\/v2\/comments?post=97"}],"version-history":[{"count":2,"href":"https:\/\/eurofresh.net\/fr\/wp-json\/wp\/v2\/pages\/97\/revisions"}],"predecessor-version":[{"id":99,"href":"https:\/\/eurofresh.net\/fr\/wp-json\/wp\/v2\/pages\/97\/revisions\/99"}],"wp:attachment":[{"href":"https:\/\/eurofresh.net\/fr\/wp-json\/wp\/v2\/media?parent=97"}],"curies":[{"name":"wp","href":"https:\/\/api.w.org\/{rel}","templated":true}]}}