{"id":95,"date":"2019-01-14T13:47:39","date_gmt":"2019-01-14T12:47:39","guid":{"rendered":"http:\/\/eurofresh.net\/politica-de-privacidad\/"},"modified":"2021-07-02T12:00:34","modified_gmt":"2021-07-02T11:00:34","slug":"politique-de-confidentialite","status":"publish","type":"page","link":"https:\/\/eurofresh.net\/fr\/politique-de-confidentialite\/","title":{"rendered":"Politique de confidentialit\u00e9"},"content":{"rendered":"<p><strong>1. Obtention des donn\u00e9es personnelles et responsable du traitement<\/strong><\/p>\n<p><span style=\"font-weight: 400;\">Conform\u00e9ment aux dispositions du R\u00e8glement (UE) 2016\/679, du Parlement europ\u00e9en et du Conseil, du 27 avril 2016, relatif \u00e0 la protection des personnes physiques \u00e0 l&#8217;\u00e9gard du traitement des donn\u00e9es \u00e0 caract\u00e8re personnel et \u00e0 la libre circulation de ces donn\u00e9es, l&#8217;utilisateur de ce site Web est inform\u00e9 que les donn\u00e9es personnelles fournies par son interm\u00e9diaire, ainsi que toutes les autres donn\u00e9es personnelles qui pourraient \u00eatre fournies \u00e0 l&#8217;avenir, seront trait\u00e9es, \u00e9tant l&#8217;entit\u00e9 responsable de la m\u00eame EUROFRESH VEGETALES Y FRUTAS, SL. EUROFRESH&#8221;), avec si\u00e8ge social \u00e0 Arroyo Manzano, Calle Pe\u00f1uelas, 2- 29793 Torrox\u00a0 , et avec NIF B-92255280, l&#8217;adresse e-mail \u00e0 des fins de communication \u00e9tant la suivante : rgpd@eurofresh.net<\/span><\/p>\n<p><strong>2. Finalit\u00e9 et base juridique du traitement des donn\u00e9es personnelles<\/strong><\/p>\n<p><span style=\"font-weight: 400;\">EUROFRESH vous informe que vos donn\u00e9es seront trait\u00e9es pour les finalit\u00e9s suivantes .<\/span><\/p>\n<p><strong>3. Analyse des interactions utilisateurs<\/strong><\/p>\n<p><span style=\"font-weight: 400;\">EUROFRESH traitera les donn\u00e9es fournies par l&#8217;utilisateur via le site Web, ainsi que leurs interactions avec celui-ci. Concr\u00e8tement, le traitement permettra d&#8217;analyser les habitudes de navigation de l&#8217;utilisateur, de proposer une navigation plus agile et personnalis\u00e9e et de d\u00e9tecter toute utilisation frauduleuse du site.<\/span><\/p>\n<p><span style=\"font-weight: 400;\">Base l\u00e9gale : le traitement est n\u00e9cessaire \u00e0 la satisfaction des int\u00e9r\u00eats l\u00e9gitimes d&#8217;EUROFRESH. L&#8217;utilisateur a le droit de s&#8217;opposer \u00e0 tout moment au traitement de ses donn\u00e9es personnelles \u00e0 cette fin, conform\u00e9ment \u00e0 l&#8217;article 7 de la pr\u00e9sente politique.<\/span><\/p>\n<p>I. Contr\u00f4le informatique du site<\/p>\n<p><span style=\"font-weight: 400;\">EUROFRESH traitera les donn\u00e9es fournies par l&#8217;utilisateur via le site Web, ainsi que leurs interactions avec celui-ci, afin de d\u00e9tecter toute utilisation frauduleuse du site Web ou perte d&#8217;informations.<\/span><\/p>\n<p><span style=\"font-weight: 400;\">Base l\u00e9gale : respect des obligations l\u00e9gales d&#8217;EUROFRESH afin d&#8217;assurer la s\u00e9curit\u00e9 du site et des informations qu&#8217;il contient.<\/span><\/p>\n<p>II. Attention aux demandes faites par l&#8217;utilisateur<\/p>\n<p><span style=\"font-weight: 400;\">EUROFRESH traitera les donn\u00e9es fournies par l&#8217;utilisateur par e-mail indiqu\u00e9 sur le site Web afin de r\u00e9pondre aux demandes formul\u00e9es par l&#8217;utilisateur.<\/span><\/p>\n<p><span style=\"font-weight: 400;\">Base l\u00e9gale : le consentement de l&#8217;utilisateur. L&#8217;utilisateur a le droit de s&#8217;opposer \u00e0 tout moment au traitement de ses donn\u00e9es personnelles \u00e0 cette fin, conform\u00e9ment \u00e0 l&#8217;article 7 de la pr\u00e9sente politique.<\/span><\/p>\n<p><span style=\"font-weight: 400;\">III. Analyse et gestion des candidatures<\/span><\/p>\n<p><span style=\"font-weight: 400;\">EUROFRESH traitera les donn\u00e9es fournies par l&#8217;utilisateur qui ont \u00e9t\u00e9 incluses dans son Curriculum Vitae, envoy\u00e9 via l&#8217;e-mail indiqu\u00e9 sur le site Web, afin d&#8217;analyser et de g\u00e9rer sa candidature \u00e0 d&#8217;\u00e9ventuelles offres d&#8217;emploi EUROFRESH.<\/span><\/p>\n<p><span style=\"font-weight: 400;\">Base l\u00e9gale : le consentement de l&#8217;utilisateur. L&#8217;utilisateur a le droit de s&#8217;opposer \u00e0 tout moment au traitement de ses donn\u00e9es personnelles \u00e0 cette fin, conform\u00e9ment \u00e0 l&#8217;article 7 de la pr\u00e9sente politique.<\/span><\/p>\n<p><strong>4. Exactitude et v\u00e9racit\u00e9<\/strong><\/p>\n<p><span style=\"font-weight: 400;\">L&#8217;utilisateur garantit la v\u00e9racit\u00e9 et l&#8217;exactitude des donn\u00e9es fournies \u00e0 EUROFRESH via l&#8217;adresse e-mail indiqu\u00e9e sur le site, exon\u00e9rant EUROFRESH de toute responsabilit\u00e9 \u00e0 cet \u00e9gard et s&#8217;engageant \u00e0 les tenir d\u00fbment mises \u00e0 jour.<\/span><\/p>\n<p><strong>5. Donn\u00e9es personnelles des mineurs<\/strong><\/p>\n<p><span style=\"font-weight: 400;\">Les mineurs de moins de 14 ans ne doivent pas utiliser les adresses e-mail et, le cas \u00e9ch\u00e9ant, les services propos\u00e9s sur le site Web sans le consentement de leurs parents ou tuteurs.<\/span><\/p>\n<p><span style=\"font-weight: 400;\">Dans le cas o\u00f9 EUROFRESH d\u00e9tecterait des utilisateurs pouvant avoir moins de 14 ans, elle se r\u00e9serve le droit de demander une telle autorisation et\/ou une copie de leur pi\u00e8ce d&#8217;identit\u00e9.<\/span><\/p>\n<p><strong>6. Dur\u00e9e de conservation des donn\u00e9es personnelles<\/strong><\/p>\n<p><span style=\"font-weight: 400;\">Vos donn\u00e9es personnelles seront conserv\u00e9es jusqu&#8217;\u00e0 ce que les actions pouvant d\u00e9couler de la relation avec EUROFRESH aient \u00e9t\u00e9 prescrites, sauf obligation l\u00e9gale de prolonger la p\u00e9riode de conservation susmentionn\u00e9e.<\/span><\/p>\n<p><strong>7. Communication des donn\u00e9es personnelles<\/strong><\/p>\n<p><span style=\"font-weight: 400;\">EUROFRESH peut communiquer vos donn\u00e9es personnelles \u00e0 :<\/span><\/p>\n<ol>\n<li><span style=\"font-weight: 400;\"> Organismes publics comp\u00e9tents, forces et organes de s\u00e9curit\u00e9 de l&#8217;\u00c9tat et juges et tribunaux, dans le respect des obligations l\u00e9gales.<\/span><\/li>\n<\/ol>\n<ol>\n<li><span style=\"font-weight: 400;\"> Les fournisseurs de services qui agissent en tant que gestionnaires de donn\u00e9es.<\/span><\/li>\n<\/ol>\n<p><span style=\"font-weight: 400;\">Les transferts internationaux de donn\u00e9es personnelles ne sont pas pr\u00e9vus.<\/span><\/p>\n<p><strong>8. Exercice des droits et r\u00e9clamations<\/strong><\/p>\n<p><span style=\"font-weight: 400;\">L&#8217;utilisateur peut exercer les droits concernant la protection des donn\u00e9es (acc\u00e8s, rectification ou suppression, limitation, opposition et portabilit\u00e9) en envoyant une communication par courrier \u00e0 paseo Cerrado de Calder\u00f3n 18, 1\u00aa R2, 29018 &#8211; M\u00e1laga ou en envoyant un courrier \u00e9lectronique \u00e0 l&#8217;adresse rgpd @eurofresh.net, en indiquant dans les deux cas votre nom, pr\u00e9nom et en joignant une copie de votre pi\u00e8ce d&#8217;identit\u00e9.<\/span><\/p>\n<p><span style=\"font-weight: 400;\">Non obstant ce qui pr\u00e9c\u00e8de, l&#8217;utilisateur a le droit de d\u00e9poser une r\u00e9clamation aupr\u00e8s de l&#8217;Agence espagnole de protection des donn\u00e9es.<\/span><\/p>\n<p><strong>9. Politique relative aux cookies.<\/strong><\/p>\n<p>Renvoi vers <a href=\"http:\/\/eurofresh.net\/fr\/politique-de-cookies\/\">politique de cookies<\/a><\/p>\n","protected":false},"excerpt":{"rendered":"<p>1. Obtention des donn\u00e9es personnelles et responsable du traitement Conform\u00e9ment aux dispositions du R\u00e8glement (UE) 2016\/679, du Parlement europ\u00e9en et&#8230;  <a class=\"excerpt-read-more\" href=\"https:\/\/eurofresh.net\/fr\/politique-de-confidentialite\/\" title=\"Read Politique de confidentialit\u00e9\"><i class=\"fa fa-angle-right\"><\/i><\/a><\/p>\n","protected":false},"author":8,"featured_media":0,"parent":0,"menu_order":0,"comment_status":"closed","ping_status":"closed","template":"","meta":{"_mo_disable_npp":"","footnotes":""},"class_list":["post-95","page","type-page","status-publish","hentry"],"yoast_head":"<!-- This site is optimized with the Yoast SEO plugin v26.4 - https:\/\/yoast.com\/wordpress\/plugins\/seo\/ -->\n<title>Politique de confidentialit\u00e9 - Eurofresh<\/title>\n<meta name=\"robots\" content=\"index, follow, max-snippet:-1, max-image-preview:large, max-video-preview:-1\" \/>\n<link rel=\"canonical\" href=\"https:\/\/eurofresh.net\/fr\/politique-de-confidentialite\/\" \/>\n<meta property=\"og:locale\" content=\"fr_FR\" \/>\n<meta property=\"og:type\" content=\"article\" \/>\n<meta property=\"og:title\" content=\"Politique de confidentialit\u00e9 - Eurofresh\" \/>\n<meta property=\"og:description\" content=\"1. Obtention des donn\u00e9es personnelles et responsable du traitement Conform\u00e9ment aux dispositions du R\u00e8glement (UE) 2016\/679, du Parlement europ\u00e9en et...\" \/>\n<meta property=\"og:url\" content=\"https:\/\/eurofresh.net\/fr\/politique-de-confidentialite\/\" \/>\n<meta property=\"og:site_name\" content=\"Eurofresh\" \/>\n<meta property=\"article:modified_time\" content=\"2021-07-02T11:00:34+00:00\" \/>\n<meta name=\"twitter:card\" content=\"summary_large_image\" \/>\n<meta name=\"twitter:label1\" content=\"Est. reading time\" \/>\n\t<meta name=\"twitter:data1\" content=\"4 minutes\" \/>\n<script type=\"application\/ld+json\" class=\"yoast-schema-graph\">{\"@context\":\"https:\/\/schema.org\",\"@graph\":[{\"@type\":\"WebPage\",\"@id\":\"https:\/\/eurofresh.net\/fr\/politique-de-confidentialite\/\",\"url\":\"https:\/\/eurofresh.net\/fr\/politique-de-confidentialite\/\",\"name\":\"Politique de confidentialit\u00e9 - Eurofresh\",\"isPartOf\":{\"@id\":\"https:\/\/eurofresh.net\/#website\"},\"datePublished\":\"2019-01-14T12:47:39+00:00\",\"dateModified\":\"2021-07-02T11:00:34+00:00\",\"breadcrumb\":{\"@id\":\"https:\/\/eurofresh.net\/fr\/politique-de-confidentialite\/#breadcrumb\"},\"inLanguage\":\"fr-FR\",\"potentialAction\":[{\"@type\":\"ReadAction\",\"target\":[\"https:\/\/eurofresh.net\/fr\/politique-de-confidentialite\/\"]}]},{\"@type\":\"BreadcrumbList\",\"@id\":\"https:\/\/eurofresh.net\/fr\/politique-de-confidentialite\/#breadcrumb\",\"itemListElement\":[{\"@type\":\"ListItem\",\"position\":1,\"name\":\"Portada\",\"item\":\"https:\/\/eurofresh.net\/fr\/\"},{\"@type\":\"ListItem\",\"position\":2,\"name\":\"Politique de confidentialit\u00e9\"}]},{\"@type\":\"WebSite\",\"@id\":\"https:\/\/eurofresh.net\/#website\",\"url\":\"https:\/\/eurofresh.net\/\",\"name\":\"Eurofresh\",\"description\":\"Eurofresh - Productores de Aguacate Organico 100%, Mango, Curcuma y Jengibre\",\"potentialAction\":[{\"@type\":\"SearchAction\",\"target\":{\"@type\":\"EntryPoint\",\"urlTemplate\":\"https:\/\/eurofresh.net\/?s={search_term_string}\"},\"query-input\":{\"@type\":\"PropertyValueSpecification\",\"valueRequired\":true,\"valueName\":\"search_term_string\"}}],\"inLanguage\":\"fr-FR\"}]}<\/script>\n<!-- \/ Yoast SEO plugin. -->","yoast_head_json":{"title":"Politique de confidentialit\u00e9 - Eurofresh","robots":{"index":"index","follow":"follow","max-snippet":"max-snippet:-1","max-image-preview":"max-image-preview:large","max-video-preview":"max-video-preview:-1"},"canonical":"https:\/\/eurofresh.net\/fr\/politique-de-confidentialite\/","og_locale":"fr_FR","og_type":"article","og_title":"Politique de confidentialit\u00e9 - Eurofresh","og_description":"1. Obtention des donn\u00e9es personnelles et responsable du traitement Conform\u00e9ment aux dispositions du R\u00e8glement (UE) 2016\/679, du Parlement europ\u00e9en et...","og_url":"https:\/\/eurofresh.net\/fr\/politique-de-confidentialite\/","og_site_name":"Eurofresh","article_modified_time":"2021-07-02T11:00:34+00:00","twitter_card":"summary_large_image","twitter_misc":{"Est. reading time":"4 minutes"},"schema":{"@context":"https:\/\/schema.org","@graph":[{"@type":"WebPage","@id":"https:\/\/eurofresh.net\/fr\/politique-de-confidentialite\/","url":"https:\/\/eurofresh.net\/fr\/politique-de-confidentialite\/","name":"Politique de confidentialit\u00e9 - Eurofresh","isPartOf":{"@id":"https:\/\/eurofresh.net\/#website"},"datePublished":"2019-01-14T12:47:39+00:00","dateModified":"2021-07-02T11:00:34+00:00","breadcrumb":{"@id":"https:\/\/eurofresh.net\/fr\/politique-de-confidentialite\/#breadcrumb"},"inLanguage":"fr-FR","potentialAction":[{"@type":"ReadAction","target":["https:\/\/eurofresh.net\/fr\/politique-de-confidentialite\/"]}]},{"@type":"BreadcrumbList","@id":"https:\/\/eurofresh.net\/fr\/politique-de-confidentialite\/#breadcrumb","itemListElement":[{"@type":"ListItem","position":1,"name":"Portada","item":"https:\/\/eurofresh.net\/fr\/"},{"@type":"ListItem","position":2,"name":"Politique de confidentialit\u00e9"}]},{"@type":"WebSite","@id":"https:\/\/eurofresh.net\/#website","url":"https:\/\/eurofresh.net\/","name":"Eurofresh","description":"Eurofresh - Productores de Aguacate Organico 100%, Mango, Curcuma y Jengibre","potentialAction":[{"@type":"SearchAction","target":{"@type":"EntryPoint","urlTemplate":"https:\/\/eurofresh.net\/?s={search_term_string}"},"query-input":{"@type":"PropertyValueSpecification","valueRequired":true,"valueName":"search_term_string"}}],"inLanguage":"fr-FR"}]}},"rttpg_featured_image_url":null,"rttpg_author":{"display_name":"Maldon","author_link":"https:\/\/eurofresh.net\/fr\/author\/maldon\/"},"rttpg_comment":0,"rttpg_category":false,"rttpg_excerpt":"1. Obtention des donn\u00e9es personnelles et responsable du traitement Conform\u00e9ment aux dispositions du R\u00e8glement (UE) 2016\/679, du Parlement europ\u00e9en et...","_links":{"self":[{"href":"https:\/\/eurofresh.net\/fr\/wp-json\/wp\/v2\/pages\/95","targetHints":{"allow":["GET"]}}],"collection":[{"href":"https:\/\/eurofresh.net\/fr\/wp-json\/wp\/v2\/pages"}],"about":[{"href":"https:\/\/eurofresh.net\/fr\/wp-json\/wp\/v2\/types\/page"}],"author":[{"embeddable":true,"href":"https:\/\/eurofresh.net\/fr\/wp-json\/wp\/v2\/users\/8"}],"replies":[{"embeddable":true,"href":"https:\/\/eurofresh.net\/fr\/wp-json\/wp\/v2\/comments?post=95"}],"version-history":[{"count":6,"href":"https:\/\/eurofresh.net\/fr\/wp-json\/wp\/v2\/pages\/95\/revisions"}],"predecessor-version":[{"id":104,"href":"https:\/\/eurofresh.net\/fr\/wp-json\/wp\/v2\/pages\/95\/revisions\/104"}],"wp:attachment":[{"href":"https:\/\/eurofresh.net\/fr\/wp-json\/wp\/v2\/media?parent=95"}],"curies":[{"name":"wp","href":"https:\/\/api.w.org\/{rel}","templated":true}]}}