{"id":111,"date":"2021-07-02T12:11:52","date_gmt":"2021-07-02T11:11:52","guid":{"rendered":"http:\/\/eurofresh.net\/?page_id=111"},"modified":"2021-07-08T13:26:21","modified_gmt":"2021-07-08T12:26:21","slug":"politique-en-matiere-de-droits-de-lhomme-dans-lenvironnement-de-travail-et-code-eti","status":"publish","type":"page","link":"https:\/\/eurofresh.net\/fr\/politique-en-matiere-de-droits-de-lhomme-dans-lenvironnement-de-travail-et-code-eti\/","title":{"rendered":"Politique en mati\u00e8re de droits de l&#8217;homme dans l\u2019environnement  de travail et code \u00e9ti"},"content":{"rendered":"<p><b>Introduction<\/b><\/p>\n<p><span style=\"font-weight: 400;\">La soci\u00e9t\u00e9 EUROFRESH, tenant compte de l&#8217;importance que m\u00e9ritent la connaissance, l&#8217;engagement et la protection des Droits de l&#8217;Homme sur le lieu de travail de la part de ses travailleurs, fournisseurs et sous-traitants, cr\u00e9e la Politique pour Aborder les Droits de l&#8217;Homme dans l&#8217;Environnement du Travail et le code ETI. Cette politique vise \u00e0 exprimer l&#8217;attachement des soci\u00e9t\u00e9s du groupe EUROFRESH \u00e0 la D\u00e9claration Universelle des Droits de l&#8217;Homme et la relation qu&#8217;elle entretient avec l&#8217;activit\u00e9 que ces soci\u00e9t\u00e9s exercent.<\/span><\/p>\n<p><span style=\"font-weight: 400;\">Avec la cr\u00e9ation de cette politique, EUROFRESH comprend sa responsabilit\u00e9 avec les travailleurs, fournisseurs et sous-traitants en mati\u00e8re de Droits de l&#8217;Homme. \u00c0 cette fin, les responsabilit\u00e9s et la port\u00e9e qu&#8217;elle aura sont d\u00e9crites ci-dessous.<\/span><\/p>\n<p><b>Objet et champ d\u2019application<\/b><\/p>\n<p><span style=\"font-weight: 400;\">Les lignes directrices \u00e9nonc\u00e9es dans cette politique seront le guide qui indiquera comment l&#8217;entreprise abordera les droits de l&#8217;homme et le code ETI sur la base des relations de travail que l&#8217;entreprise entretient avec ses travailleurs, ses fournisseurs et ses sous-traitants. Par cons\u00e9quent, elle sera applicable aux employ\u00e9s, fournisseurs, sous-traitants et membres du conseil d&#8217;administration de la soci\u00e9t\u00e9, avec lesquels elle s&#8217;engage \u00e0 faire conna\u00eetre cette politique en temps opportun et\/ou lorsqu&#8217;un changement ou une r\u00e9vision survient.<\/span><\/p>\n<p><b>Responsabilit\u00e9s<\/b><\/p>\n<p><span style=\"font-weight: 400;\">La responsabilit\u00e9 de mettre en \u0153uvre et de rendre compte de la politique relative aux droits de l&#8217;homme dans l&#8217;environnement du travail et du code ETI incombera au d\u00e9partement des ressources humaines, aux achats auxiliaires et \u00e0 la direction d&#8217;EUROFRESH, qui veilleront au respect correct et strict des directives dict\u00e9es par cette politique. Par cons\u00e9quent, EUROFRESH pr\u00e9sente de mani\u00e8re concr\u00e8te les responsabilit\u00e9s concernant les Droits de l&#8217;Homme et le Code ETI devant ses employ\u00e9s, fournisseurs et sous-traitants.<\/span><\/p>\n<p><b>Engagement et principes d&#8217;action<\/b><\/p>\n<p><span style=\"font-weight: 400;\">Eurofresh s&#8217;engage \u00e0 informer, respecter et publier tous les droits de l&#8217;homme et code ETI internationalement reconnus et inclus dans:<\/span><\/p>\n<ul>\n<li><span style=\"font-weight: 400;\"> La Charte internationale des droits de l&#8217;homme des Nations Unies, qui comprend : La D\u00e9claration universelle des droits de l&#8217;homme<\/span><\/li>\n<li><span style=\"font-weight: 400;\"> La D\u00e9claration de l&#8217;OIT relative aux principes et droits fondamentaux au travail.<\/span><\/li>\n<li><span style=\"font-weight: 400;\"> Les principes du Code ETI.<\/span><\/li>\n<\/ul>\n<p><b>Responsabilit\u00e9 envers nos employ\u00e9s, fournisseurs et contractants<\/b><\/p>\n<p><span style=\"font-weight: 400;\">Eurofresh comprend que les employ\u00e9s sont atout le plus grand et le plus pr\u00e9cieux et donc l&#8217;une de ses principales responsabilit\u00e9s en mati\u00e8re de droits humains. Par ce qui pr\u00e9c\u00e8de, il est entendu que les piliers sur lesquels repose le d\u00e9veloppement du capital humain d&#8217;une entreprise sont: le respect de la diversit\u00e9, l&#8217;\u00e9galit\u00e9 des chances, le m\u00e9rite gagn\u00e9 et la non-discrimination pour des raisons de couleur de peau, de race, d&#8217;id\u00e9ologie politique\/religieuse ou toute autre circonstance; L&#8217;entreprise abordera les droits de l&#8217;homme et le code ETI selon les lignes directrices suivantes.<\/span><\/p>\n<p><span style=\"font-weight: 400;\">Pour le succ\u00e8s des lignes directrices susmentionn\u00e9es, l&#8217;entreprise assume et s&#8217;engage \u00e0 promouvoir les principes de base suivants qui devraient d\u00e9terminer sa performance sur le lieu de travail\u00a0:<\/span><\/p>\n<ul>\n<li><span style=\"font-weight: 400;\"> Demander \u00e0 leurs fournisseurs de se conformer au Code ETI, qui les oblige \u00e0 promouvoir des actions et \u00e0 adopter les mesures n\u00e9cessaires dans leur organisation pour \u00e9liminer toutes les formes ou modalit\u00e9s de travail forc\u00e9 ou obligatoire, \u00e0 rejeter express\u00e9ment le recours au travail des enfants dans leur organisation, \u00e0 respecter la libert\u00e9 d&#8217;association syndicale et le droit de n\u00e9gociation collective de ses travailleurs, de rejeter toutes les pratiques discriminatoires en mati\u00e8re d&#8217;emploi et de profession, de traiter ses employ\u00e9s \u00e9quitablement, avec dignit\u00e9 et respect, et de payer ses travailleurs conform\u00e9ment aux salaires applicables lois, y compris le salaire minimum, les heures suppl\u00e9mentaires et les prestations sociales.<\/span><\/li>\n<\/ul>\n<p>Mettre en \u0153uvre les mesures \u00e0 prendre en cas de d\u00e9tection de violation des droits de l&#8217;homme dans ses installations ou dans celles de ses fournisseurs, dans les termes pr\u00e9vus dans le Code ETI.<\/p>\n<ul>\n<li style=\"font-weight: 400;\">Disposer de m\u00e9canismes de plainte et de r\u00e9clamation, avec des garanties suffisantes, pour traiter d&#8217;\u00e9ventuels cas de violations des droits humains qui pourraient \u00eatre signal\u00e9s par des personnes ou des organisations ext\u00e9rieures au Groupe :<a href=\"http:\/\/eurofresh.net\/fr\/aidez-nous-a-ameliorer\/\" data-saferedirecturl=\"https:\/\/www.google.com\/url?q=http:\/\/eurofresh.net\/fr\/aidez-nous-a-ameliorer\/&amp;source=gmail&amp;ust=1625828779516000&amp;usg=AFQjCNHDiWxcmohFzoV65rwjO0A52ElE5A\">http:\/\/eurofresh.net\/fr\/aidez-nous-a-ameliorer\/<\/a><\/li>\n<li style=\"font-weight: 400;\">Assurer une culture de respect des droits de l&#8217;homme, du code ETI et la sensibilisation de ses professionnels en la mati\u00e8re avec des formations, des d\u00e9pliants publi\u00e9s sur les panneaux d&#8217;information dans toute l&#8217;entreprise et surtout, dans les domaines o\u00f9 le risque de violation des droits peut \u00eatre plus \u00e9lev\u00e9 .<\/li>\n<\/ul>\n<p><span style=\"font-weight: 400;\">Une copie sign\u00e9e de cette d\u00e9claration a \u00e9t\u00e9 remise au responsable de l&#8217;entreprise en mati\u00e8re de pratiques sociales, au repr\u00e9sentant des travailleurs. Une copie de ce document sera disponible pour tout employ\u00e9 qui en fera la demande et sera affich\u00e9e dans un endroit bien en vue dans la mesure du possible.<\/span><\/p>\n","protected":false},"excerpt":{"rendered":"<p>Introduction La soci\u00e9t\u00e9 EUROFRESH, tenant compte de l&#8217;importance que m\u00e9ritent la connaissance, l&#8217;engagement et la protection des Droits de l&#8217;Homme&#8230;  <a class=\"excerpt-read-more\" href=\"https:\/\/eurofresh.net\/fr\/politique-en-matiere-de-droits-de-lhomme-dans-lenvironnement-de-travail-et-code-eti\/\" title=\"Read Politique en mati\u00e8re de droits de l&#8217;homme dans l\u2019environnement  de travail et code \u00e9ti\"><i class=\"fa fa-angle-right\"><\/i><\/a><\/p>\n","protected":false},"author":9,"featured_media":0,"parent":0,"menu_order":0,"comment_status":"closed","ping_status":"closed","template":"","meta":{"_mo_disable_npp":"","footnotes":""},"class_list":["post-111","page","type-page","status-publish","hentry"],"yoast_head":"<!-- This site is optimized with the Yoast SEO plugin v26.4 - https:\/\/yoast.com\/wordpress\/plugins\/seo\/ -->\n<title>Politique en mati\u00e8re de droits de l&#039;homme dans l\u2019environnement de travail et code \u00e9ti - Eurofresh<\/title>\n<meta name=\"robots\" content=\"index, follow, max-snippet:-1, max-image-preview:large, max-video-preview:-1\" \/>\n<link rel=\"canonical\" href=\"https:\/\/eurofresh.net\/fr\/politique-en-matiere-de-droits-de-lhomme-dans-lenvironnement-de-travail-et-code-eti\/\" \/>\n<meta property=\"og:locale\" content=\"fr_FR\" \/>\n<meta property=\"og:type\" content=\"article\" \/>\n<meta property=\"og:title\" content=\"Politique en mati\u00e8re de droits de l&#039;homme dans l\u2019environnement de travail et code \u00e9ti - Eurofresh\" \/>\n<meta property=\"og:description\" content=\"Introduction La soci\u00e9t\u00e9 EUROFRESH, tenant compte de l&#8217;importance que m\u00e9ritent la connaissance, l&#8217;engagement et la protection des Droits de l&#8217;Homme...\" \/>\n<meta property=\"og:url\" content=\"https:\/\/eurofresh.net\/fr\/politique-en-matiere-de-droits-de-lhomme-dans-lenvironnement-de-travail-et-code-eti\/\" \/>\n<meta property=\"og:site_name\" content=\"Eurofresh\" \/>\n<meta property=\"article:modified_time\" content=\"2021-07-08T12:26:21+00:00\" \/>\n<meta name=\"twitter:card\" content=\"summary_large_image\" \/>\n<meta name=\"twitter:label1\" content=\"Est. reading time\" \/>\n\t<meta name=\"twitter:data1\" content=\"4 minutes\" \/>\n<script type=\"application\/ld+json\" class=\"yoast-schema-graph\">{\"@context\":\"https:\/\/schema.org\",\"@graph\":[{\"@type\":\"WebPage\",\"@id\":\"https:\/\/eurofresh.net\/fr\/politique-en-matiere-de-droits-de-lhomme-dans-lenvironnement-de-travail-et-code-eti\/\",\"url\":\"https:\/\/eurofresh.net\/fr\/politique-en-matiere-de-droits-de-lhomme-dans-lenvironnement-de-travail-et-code-eti\/\",\"name\":\"Politique en mati\u00e8re de droits de l'homme dans l\u2019environnement de travail et code \u00e9ti - Eurofresh\",\"isPartOf\":{\"@id\":\"https:\/\/eurofresh.net\/#website\"},\"datePublished\":\"2021-07-02T11:11:52+00:00\",\"dateModified\":\"2021-07-08T12:26:21+00:00\",\"breadcrumb\":{\"@id\":\"https:\/\/eurofresh.net\/fr\/politique-en-matiere-de-droits-de-lhomme-dans-lenvironnement-de-travail-et-code-eti\/#breadcrumb\"},\"inLanguage\":\"fr-FR\",\"potentialAction\":[{\"@type\":\"ReadAction\",\"target\":[\"https:\/\/eurofresh.net\/fr\/politique-en-matiere-de-droits-de-lhomme-dans-lenvironnement-de-travail-et-code-eti\/\"]}]},{\"@type\":\"BreadcrumbList\",\"@id\":\"https:\/\/eurofresh.net\/fr\/politique-en-matiere-de-droits-de-lhomme-dans-lenvironnement-de-travail-et-code-eti\/#breadcrumb\",\"itemListElement\":[{\"@type\":\"ListItem\",\"position\":1,\"name\":\"Portada\",\"item\":\"https:\/\/eurofresh.net\/fr\/\"},{\"@type\":\"ListItem\",\"position\":2,\"name\":\"Politique en mati\u00e8re de droits de l&#8217;homme dans l\u2019environnement de travail et code \u00e9ti\"}]},{\"@type\":\"WebSite\",\"@id\":\"https:\/\/eurofresh.net\/#website\",\"url\":\"https:\/\/eurofresh.net\/\",\"name\":\"Eurofresh\",\"description\":\"Eurofresh - Productores de Aguacate Organico 100%, Mango, Curcuma y Jengibre\",\"potentialAction\":[{\"@type\":\"SearchAction\",\"target\":{\"@type\":\"EntryPoint\",\"urlTemplate\":\"https:\/\/eurofresh.net\/?s={search_term_string}\"},\"query-input\":{\"@type\":\"PropertyValueSpecification\",\"valueRequired\":true,\"valueName\":\"search_term_string\"}}],\"inLanguage\":\"fr-FR\"}]}<\/script>\n<!-- \/ Yoast SEO plugin. -->","yoast_head_json":{"title":"Politique en mati\u00e8re de droits de l'homme dans l\u2019environnement de travail et code \u00e9ti - Eurofresh","robots":{"index":"index","follow":"follow","max-snippet":"max-snippet:-1","max-image-preview":"max-image-preview:large","max-video-preview":"max-video-preview:-1"},"canonical":"https:\/\/eurofresh.net\/fr\/politique-en-matiere-de-droits-de-lhomme-dans-lenvironnement-de-travail-et-code-eti\/","og_locale":"fr_FR","og_type":"article","og_title":"Politique en mati\u00e8re de droits de l'homme dans l\u2019environnement de travail et code \u00e9ti - Eurofresh","og_description":"Introduction La soci\u00e9t\u00e9 EUROFRESH, tenant compte de l&#8217;importance que m\u00e9ritent la connaissance, l&#8217;engagement et la protection des Droits de l&#8217;Homme...","og_url":"https:\/\/eurofresh.net\/fr\/politique-en-matiere-de-droits-de-lhomme-dans-lenvironnement-de-travail-et-code-eti\/","og_site_name":"Eurofresh","article_modified_time":"2021-07-08T12:26:21+00:00","twitter_card":"summary_large_image","twitter_misc":{"Est. reading time":"4 minutes"},"schema":{"@context":"https:\/\/schema.org","@graph":[{"@type":"WebPage","@id":"https:\/\/eurofresh.net\/fr\/politique-en-matiere-de-droits-de-lhomme-dans-lenvironnement-de-travail-et-code-eti\/","url":"https:\/\/eurofresh.net\/fr\/politique-en-matiere-de-droits-de-lhomme-dans-lenvironnement-de-travail-et-code-eti\/","name":"Politique en mati\u00e8re de droits de l'homme dans l\u2019environnement de travail et code \u00e9ti - Eurofresh","isPartOf":{"@id":"https:\/\/eurofresh.net\/#website"},"datePublished":"2021-07-02T11:11:52+00:00","dateModified":"2021-07-08T12:26:21+00:00","breadcrumb":{"@id":"https:\/\/eurofresh.net\/fr\/politique-en-matiere-de-droits-de-lhomme-dans-lenvironnement-de-travail-et-code-eti\/#breadcrumb"},"inLanguage":"fr-FR","potentialAction":[{"@type":"ReadAction","target":["https:\/\/eurofresh.net\/fr\/politique-en-matiere-de-droits-de-lhomme-dans-lenvironnement-de-travail-et-code-eti\/"]}]},{"@type":"BreadcrumbList","@id":"https:\/\/eurofresh.net\/fr\/politique-en-matiere-de-droits-de-lhomme-dans-lenvironnement-de-travail-et-code-eti\/#breadcrumb","itemListElement":[{"@type":"ListItem","position":1,"name":"Portada","item":"https:\/\/eurofresh.net\/fr\/"},{"@type":"ListItem","position":2,"name":"Politique en mati\u00e8re de droits de l&#8217;homme dans l\u2019environnement de travail et code \u00e9ti"}]},{"@type":"WebSite","@id":"https:\/\/eurofresh.net\/#website","url":"https:\/\/eurofresh.net\/","name":"Eurofresh","description":"Eurofresh - Productores de Aguacate Organico 100%, Mango, Curcuma y Jengibre","potentialAction":[{"@type":"SearchAction","target":{"@type":"EntryPoint","urlTemplate":"https:\/\/eurofresh.net\/?s={search_term_string}"},"query-input":{"@type":"PropertyValueSpecification","valueRequired":true,"valueName":"search_term_string"}}],"inLanguage":"fr-FR"}]}},"rttpg_featured_image_url":null,"rttpg_author":{"display_name":"Eurofresh","author_link":"https:\/\/eurofresh.net\/fr\/author\/briocomadm\/"},"rttpg_comment":0,"rttpg_category":false,"rttpg_excerpt":"Introduction La soci\u00e9t\u00e9 EUROFRESH, tenant compte de l&#8217;importance que m\u00e9ritent la connaissance, l&#8217;engagement et la protection des Droits de l&#8217;Homme...","_links":{"self":[{"href":"https:\/\/eurofresh.net\/fr\/wp-json\/wp\/v2\/pages\/111","targetHints":{"allow":["GET"]}}],"collection":[{"href":"https:\/\/eurofresh.net\/fr\/wp-json\/wp\/v2\/pages"}],"about":[{"href":"https:\/\/eurofresh.net\/fr\/wp-json\/wp\/v2\/types\/page"}],"author":[{"embeddable":true,"href":"https:\/\/eurofresh.net\/fr\/wp-json\/wp\/v2\/users\/9"}],"replies":[{"embeddable":true,"href":"https:\/\/eurofresh.net\/fr\/wp-json\/wp\/v2\/comments?post=111"}],"version-history":[{"count":4,"href":"https:\/\/eurofresh.net\/fr\/wp-json\/wp\/v2\/pages\/111\/revisions"}],"predecessor-version":[{"id":152,"href":"https:\/\/eurofresh.net\/fr\/wp-json\/wp\/v2\/pages\/111\/revisions\/152"}],"wp:attachment":[{"href":"https:\/\/eurofresh.net\/fr\/wp-json\/wp\/v2\/media?parent=111"}],"curies":[{"name":"wp","href":"https:\/\/api.w.org\/{rel}","templated":true}]}}