{"id":83,"date":"2019-01-14T13:37:56","date_gmt":"2019-01-14T12:37:56","guid":{"rendered":"http:\/\/eurofresh.net\/politica-de-cookies\/"},"modified":"2021-07-02T11:38:20","modified_gmt":"2021-07-02T10:38:20","slug":"politica-de-cookies","status":"publish","type":"page","link":"https:\/\/eurofresh.net\/es\/politica-de-cookies\/","title":{"rendered":"Pol\u00edtica de Cookies"},"content":{"rendered":"<p>El usuario del sitio web queda informado de que EUROFRESH utiliza dispositivos de almacenamiento y recuperaci\u00f3n de datos (\u201ccookies\u201d) para la personalizaci\u00f3n de su experiencia web, un mejor soporte t\u00e9cnico y optimizaci\u00f3n del sitio web.<\/p>\n<p>Las cookies son peque\u00f1os archivos de texto que se descargan en el dispositivo del usuario al acceder al sitio web y que permiten, entre otros aspectos, almacenar y recuperar informaci\u00f3n sobre los h\u00e1bitos de navegaci\u00f3n del usuario en el sitio web. De esta forma, las cookies permiten reconocer al usuario y poder ofrecerle una navegaci\u00f3n m\u00e1s \u00e1gil y personalizada, por ejemplo, recordando el idioma en el que prefiere ver el sitio web.<\/p>\n<p>El sitio web de EUROFRESH utiliza las siguientes cookies:<\/p>\n<p>_gat: Cookie para medici\u00f3n de sesiones de Google Analytics.<\/p>\n<p>El usuario puede deshabilitar el uso de estas cookies en su navegador, configur\u00e1ndolo a tal efecto. En caso de que se deshabilite el uso de cookies, el usuario queda informado de que algunas de las funcionalidades del sitio web pueden no estar disponibles, vi\u00e9ndose en consecuencia afectada su navegaci\u00f3n. El proceso para deshabilitar el uso de cookies es diferente seg\u00fan el navegador que se utilice, pudiendo encontrar informaci\u00f3n al respecto sobre los principales navegadores en los siguientes enlaces:<\/p>\n<ul>\n<li><em>Google Chrome<\/em>:\u00a0<a href=\"https:\/\/web.archive.org\/web\/20200807174809\/http:\/\/support.google.com\/chrome\/bin\/answer.py?hl=es&amp;answer=95647\">http:\/\/support.google.com\/chrome\/bin\/answer.py?hl=es&amp;answer=95647<\/a><\/li>\n<li><em>Internet Explorer<\/em>:\u00a0<a href=\"https:\/\/web.archive.org\/web\/20200807174809\/http:\/\/windows.microsoft.com\/es-es\/windows7\/how-to-manage-cookies-in-internet-explorer-9\">http:\/\/windows.microsoft.com\/es-es\/windows7\/how-to-manage-cookies-in-internet-explorer-9<\/a><\/li>\n<\/ul>\n<ul>\n<li><em>Mozilla Firefox<\/em>:\u00a0<a href=\"https:\/\/web.archive.org\/web\/20200807174809\/http:\/\/support.mozilla.org\/es\/kb\/habilitar-y-deshabilitar-cookies-que-los-sitios-we\">http:\/\/support.mozilla.org\/es\/kb\/habilitar-y-deshabilitar-cookies-que-los-sitios-we<\/a><\/li>\n<\/ul>\n","protected":false},"excerpt":{"rendered":"<p>El usuario del sitio web queda informado de que EUROFRESH utiliza dispositivos de almacenamiento y recuperaci\u00f3n de datos (\u201ccookies\u201d) para&#8230;  <a class=\"excerpt-read-more\" href=\"https:\/\/eurofresh.net\/es\/politica-de-cookies\/\" title=\"Leer m\u00e1sPol\u00edtica de Cookies\"><i class=\"fa fa-angle-right\"><\/i><\/a><\/p>\n","protected":false},"author":8,"featured_media":0,"parent":0,"menu_order":0,"comment_status":"closed","ping_status":"closed","template":"","meta":{"_mo_disable_npp":"","footnotes":""},"class_list":["post-83","page","type-page","status-publish","hentry"],"yoast_head":"<!-- This site is optimized with the Yoast SEO plugin v26.4 - https:\/\/yoast.com\/wordpress\/plugins\/seo\/ -->\n<title>Pol\u00edtica de Cookies - Eurofresh<\/title>\n<meta name=\"robots\" content=\"index, follow, max-snippet:-1, max-image-preview:large, max-video-preview:-1\" \/>\n<link rel=\"canonical\" href=\"https:\/\/eurofresh.net\/es\/politica-de-cookies\/\" \/>\n<meta property=\"og:locale\" content=\"es_ES\" \/>\n<meta property=\"og:type\" content=\"article\" \/>\n<meta property=\"og:title\" content=\"Pol\u00edtica de Cookies - Eurofresh\" \/>\n<meta property=\"og:description\" content=\"El usuario del sitio web queda informado de que EUROFRESH utiliza dispositivos de almacenamiento y recuperaci\u00f3n de datos (\u201ccookies\u201d) para...\" \/>\n<meta property=\"og:url\" content=\"https:\/\/eurofresh.net\/es\/politica-de-cookies\/\" \/>\n<meta property=\"og:site_name\" content=\"Eurofresh\" \/>\n<meta property=\"article:modified_time\" content=\"2021-07-02T10:38:20+00:00\" \/>\n<meta name=\"twitter:card\" content=\"summary_large_image\" \/>\n<meta name=\"twitter:label1\" content=\"Tiempo de lectura\" \/>\n\t<meta name=\"twitter:data1\" content=\"1 minuto\" \/>\n<script type=\"application\/ld+json\" class=\"yoast-schema-graph\">{\"@context\":\"https:\/\/schema.org\",\"@graph\":[{\"@type\":\"WebPage\",\"@id\":\"https:\/\/eurofresh.net\/es\/politica-de-cookies\/\",\"url\":\"https:\/\/eurofresh.net\/es\/politica-de-cookies\/\",\"name\":\"Pol\u00edtica de Cookies - Eurofresh\",\"isPartOf\":{\"@id\":\"https:\/\/eurofresh.net\/#website\"},\"datePublished\":\"2019-01-14T12:37:56+00:00\",\"dateModified\":\"2021-07-02T10:38:20+00:00\",\"breadcrumb\":{\"@id\":\"https:\/\/eurofresh.net\/es\/politica-de-cookies\/#breadcrumb\"},\"inLanguage\":\"es\",\"potentialAction\":[{\"@type\":\"ReadAction\",\"target\":[\"https:\/\/eurofresh.net\/es\/politica-de-cookies\/\"]}]},{\"@type\":\"BreadcrumbList\",\"@id\":\"https:\/\/eurofresh.net\/es\/politica-de-cookies\/#breadcrumb\",\"itemListElement\":[{\"@type\":\"ListItem\",\"position\":1,\"name\":\"Portada\",\"item\":\"https:\/\/eurofresh.net\/es\/\"},{\"@type\":\"ListItem\",\"position\":2,\"name\":\"Pol\u00edtica de Cookies\"}]},{\"@type\":\"WebSite\",\"@id\":\"https:\/\/eurofresh.net\/#website\",\"url\":\"https:\/\/eurofresh.net\/\",\"name\":\"Eurofresh\",\"description\":\"Eurofresh - Productores de Aguacate Organico 100%, Mango, Curcuma y Jengibre\",\"potentialAction\":[{\"@type\":\"SearchAction\",\"target\":{\"@type\":\"EntryPoint\",\"urlTemplate\":\"https:\/\/eurofresh.net\/?s={search_term_string}\"},\"query-input\":{\"@type\":\"PropertyValueSpecification\",\"valueRequired\":true,\"valueName\":\"search_term_string\"}}],\"inLanguage\":\"es\"}]}<\/script>\n<!-- \/ Yoast SEO plugin. -->","yoast_head_json":{"title":"Pol\u00edtica de Cookies - Eurofresh","robots":{"index":"index","follow":"follow","max-snippet":"max-snippet:-1","max-image-preview":"max-image-preview:large","max-video-preview":"max-video-preview:-1"},"canonical":"https:\/\/eurofresh.net\/es\/politica-de-cookies\/","og_locale":"es_ES","og_type":"article","og_title":"Pol\u00edtica de Cookies - Eurofresh","og_description":"El usuario del sitio web queda informado de que EUROFRESH utiliza dispositivos de almacenamiento y recuperaci\u00f3n de datos (\u201ccookies\u201d) para...","og_url":"https:\/\/eurofresh.net\/es\/politica-de-cookies\/","og_site_name":"Eurofresh","article_modified_time":"2021-07-02T10:38:20+00:00","twitter_card":"summary_large_image","twitter_misc":{"Tiempo de lectura":"1 minuto"},"schema":{"@context":"https:\/\/schema.org","@graph":[{"@type":"WebPage","@id":"https:\/\/eurofresh.net\/es\/politica-de-cookies\/","url":"https:\/\/eurofresh.net\/es\/politica-de-cookies\/","name":"Pol\u00edtica de Cookies - Eurofresh","isPartOf":{"@id":"https:\/\/eurofresh.net\/#website"},"datePublished":"2019-01-14T12:37:56+00:00","dateModified":"2021-07-02T10:38:20+00:00","breadcrumb":{"@id":"https:\/\/eurofresh.net\/es\/politica-de-cookies\/#breadcrumb"},"inLanguage":"es","potentialAction":[{"@type":"ReadAction","target":["https:\/\/eurofresh.net\/es\/politica-de-cookies\/"]}]},{"@type":"BreadcrumbList","@id":"https:\/\/eurofresh.net\/es\/politica-de-cookies\/#breadcrumb","itemListElement":[{"@type":"ListItem","position":1,"name":"Portada","item":"https:\/\/eurofresh.net\/es\/"},{"@type":"ListItem","position":2,"name":"Pol\u00edtica de Cookies"}]},{"@type":"WebSite","@id":"https:\/\/eurofresh.net\/#website","url":"https:\/\/eurofresh.net\/","name":"Eurofresh","description":"Eurofresh - Productores de Aguacate Organico 100%, Mango, Curcuma y Jengibre","potentialAction":[{"@type":"SearchAction","target":{"@type":"EntryPoint","urlTemplate":"https:\/\/eurofresh.net\/?s={search_term_string}"},"query-input":{"@type":"PropertyValueSpecification","valueRequired":true,"valueName":"search_term_string"}}],"inLanguage":"es"}]}},"rttpg_featured_image_url":null,"rttpg_author":{"display_name":"Maldon","author_link":"https:\/\/eurofresh.net\/es\/author\/maldon\/"},"rttpg_comment":0,"rttpg_category":false,"rttpg_excerpt":"El usuario del sitio web queda informado de que EUROFRESH utiliza dispositivos de almacenamiento y recuperaci\u00f3n de datos (\u201ccookies\u201d) para...","_links":{"self":[{"href":"https:\/\/eurofresh.net\/es\/wp-json\/wp\/v2\/pages\/83","targetHints":{"allow":["GET"]}}],"collection":[{"href":"https:\/\/eurofresh.net\/es\/wp-json\/wp\/v2\/pages"}],"about":[{"href":"https:\/\/eurofresh.net\/es\/wp-json\/wp\/v2\/types\/page"}],"author":[{"embeddable":true,"href":"https:\/\/eurofresh.net\/es\/wp-json\/wp\/v2\/users\/8"}],"replies":[{"embeddable":true,"href":"https:\/\/eurofresh.net\/es\/wp-json\/wp\/v2\/comments?post=83"}],"version-history":[{"count":6,"href":"https:\/\/eurofresh.net\/es\/wp-json\/wp\/v2\/pages\/83\/revisions"}],"predecessor-version":[{"id":92,"href":"https:\/\/eurofresh.net\/es\/wp-json\/wp\/v2\/pages\/83\/revisions\/92"}],"wp:attachment":[{"href":"https:\/\/eurofresh.net\/es\/wp-json\/wp\/v2\/media?parent=83"}],"curies":[{"name":"wp","href":"https:\/\/api.w.org\/{rel}","templated":true}]}}